{"id":339,"date":"2025-11-04T15:12:27","date_gmt":"2025-11-04T15:12:27","guid":{"rendered":"https:\/\/www.ohmy.fi\/?page_id=339"},"modified":"2026-01-16T09:45:02","modified_gmt":"2026-01-16T09:45:02","slug":"start","status":"publish","type":"page","link":"https:\/\/www.ohmy.fi\/sv\/","title":{"rendered":"Start"},"content":{"rendered":"\n<section class=\"hero relative max-h-[90dvh] pt-4 lg:pt-4 pb-4 lg:pb-4\">\n    <div class=\"holder\">\n        <div class=\"relative hero-holder\">\n                            <video class=\"inset-0 w-full h-[80dvh] md:h-full object-cover max-h-[90dvh]\" autoplay muted loop playsinline>\n                    <source src=\"https:\/\/www.ohmy.fi\/wp-content\/uploads\/2025\/11\/Hero_Ohmy-fi_1920x1080px-02.mp4\" type=\"video\/mp4\">\n                    Your browser does not support the video tag.\n                <\/video>\n                        <div class=\"absolute inset-0 z-[2]\">\n                <div class=\"flex flex-col items-center justify-center text-white h-full\">\n                    <h1 class=\"font-bold px-4 text-24 md:responsive-heading-l text-center mb-4\">Tv\u00e5 l\u00e4nder, en byr\u00e5. Kaksi maata, yksi toimisto. <\/h1>\n                    <div class=\"wysiwyg px-4 md:max-w-[57%] mx-auto text-center\"><p>Oh My Finland st\u00e5r stadigt med en fot i Sverige och en i Finland. Vi \u00e4r redo att hj\u00e4lpa er v\u00e4xa, \u00e4r ni?<\/p>\n<\/div>\n                                    <\/div>\n            <\/div>\n        <\/div>\n    <\/div>\n<\/section>\n\n\n<section class=\"colored-text-banner js-custom-mouse relative pt-4 lg:pt-4 pb-4 lg:pb-4\">\n    <div class=\"holder\">\n        <div class=\"py-10 px-4 md:py-[7em] grid grid-cols-12 gap-4 rounded bg-lime text-brownBlack \">\n            <div class=\"col-span-12 lg:col-span-3 lg:col-start-2\">\n                <h2 class=\"text-24 font-bold leading-[1.1] md:responsive-heading-l mb-4\">Oh My Finland hj\u00e4lper er att v\u00e4xa<\/h2>\n            <\/div>\n            <div class=\"col-span-12 lg:col-span-5 lg:col-start-7\">\n                <div class=\"wysiwyg\">\n                    <p>P\u00e5 Oh My har vi den erfarenhet och kunskap som kr\u00e4vs \u2013 och f\u00f6rv\u00e4ntas \u2013 n\u00e4r ni tar steget in p\u00e5 den nya marknaden. Oavsett om ni vill etablera er p\u00e5 en ny marknad, eller redan finns i b\u00e5de l\u00e4nderna och vill bli \u00e4nnu b\u00e4ttre, st\u00e5r vi redo att hj\u00e4lpa er ta n\u00e4sta steg. Tillsammans l\u00e4gger vi pusslet f\u00f6r att se till att ni f\u00e5r en bra start p\u00e5 ert \u00e4ventyr p\u00e5 er nya eller befintliga spelplan.<\/p>\n                <\/div>\n                                    <div class=\"mt-4\">\n                        <a class=\"btn responsive-btn\" href=\"https:\/\/www.ohmy.fi\/sv\/vad-vi-gor\/\" target=\"\">L\u00e4s mer om oss<\/a>\n                    <\/div>\n                            <\/div>\n        <\/div>\n    <\/div>\n            <div class=\"custom-mouse\">\n            <img decoding=\"async\" src=\"https:\/\/www.ohmy.fi\/wp-content\/themes\/ohmy-2025\/img\/britta.svg\" alt=\"Custom Cursor\" \/>\n        <\/div>\n    <\/section>\n\n\n<section class=\"small-hero js-custom-mouse-flip  relative pt-0 pb-4 lg:pb-4\">\n    <div class=\"holder\">\n\n        <div class=\"py-10 md:py-[4.33em] rounded\">\n            <div class=\"text-center flex flex-col justify-center items-center space-y-4 max-w-[44.5em] mx-auto\">\n                                <h1 class=\"text-28 font-bold leading-[1.1] lg:responsive-heading-l\">Oh My Finland \u00e4r specialiserade p\u00e5 samarbetet mellan Sverige och Finland. Det spelar d\u00e4rf\u00f6r ingen roll om ert f\u00f6retag \u00e4r finskt eller svenskt \u2013 hos oss finns experter p\u00e5 b\u00e5da marknaderna.<\/h1>\n            <\/div>\n        <\/div>\n    <\/div>\n<\/section>\n\n\n<section class=\"intro-text relative pt-4 lg:pt-4 pb-4 lg:pb-4\">\n    <div class=\"holder\">\n                    <div class=\"mobile-body-m lg:responsive-project-intro\"><p style=\"text-align: center;\">Varf\u00f6r ska man v\u00e4lja oss?<\/p>\n<\/div>\n            <\/div>\n<\/section>\n\n\n<section class=\"text-columns relative pt-4 lg:pt-4 pb-4 lg:pb-4\">\n    <div class=\"holder\">\n                    <div class=\"grid grid-cols-12 gap-y-8 lg:gap-10 mt-8 lg:mt-16 \">\n                                    <div class=\"col-span-12  lg:col-span-4\">\n                                                    <span class=\"responsive-tag inline-block mb-2\">Brobyggare<\/span>\n                                                <h2 class=\"font-bold text-24 mb-2 lg:responsive-heading-m\"><span class=\"font-bold\"><\/span><\/h2>\n                        <div class=\"wysiwyg project-intro-columns\"><p><img decoding=\"async\" class=\"alignnone wp-image-744 size-full\" src=\"https:\/\/www.ohmy.fi\/wp-content\/uploads\/2026\/01\/bridge.svg\" alt=\"\" \/><\/p>\n<p>&nbsp;<\/p>\n<p>Brobyggare mellan kommunikations-avdelningar och byr\u00e5er.<\/p>\n<\/div>\n                    <\/div>\n                                    <div class=\"col-span-12  lg:col-span-4\">\n                                                    <span class=\"responsive-tag inline-block mb-2\">Kulturkunnande strategipartner<\/span>\n                                                <h2 class=\"font-bold text-24 mb-2 lg:responsive-heading-m\"><span class=\"font-bold\"><\/span><\/h2>\n                        <div class=\"wysiwyg project-intro-columns\"><p><img decoding=\"async\" class=\"alignnone wp-image-746 size-full\" src=\"https:\/\/www.ohmy.fi\/wp-content\/uploads\/2026\/01\/countries.svg\" alt=\"\" \/><\/p>\n<p>N\u00e4r ni beh\u00f6ver hj\u00e4lp att landa r\u00e4tt p\u00e5 en ny marknad.<\/p>\n<\/div>\n                    <\/div>\n                                    <div class=\"col-span-12  lg:col-span-4\">\n                                                    <span class=\"responsive-tag inline-block mb-2\">P\u00e5litlig och effektv partner<\/span>\n                                                <h2 class=\"font-bold text-24 mb-2 lg:responsive-heading-m\"><span class=\"font-bold\"><\/span><\/h2>\n                        <div class=\"wysiwyg project-intro-columns\"><p><img decoding=\"async\" class=\"alignnone wp-image-748 size-full\" src=\"https:\/\/www.ohmy.fi\/wp-content\/uploads\/2026\/01\/glasses.svg\" alt=\"\" \/><\/p>\n<p>&nbsp;<\/p>\n<p>Produktionss\u00e4ker kreativ byr\u00e5 som s\u00e4tter fart.<\/p>\n<\/div>\n                    <\/div>\n                            <\/div>\n            <\/div>\n\n<\/section>\n\n\n<section class=\"colored-text-banner js-custom-mouse relative pt-4 lg:pt-4 pb-4 lg:pb-4\">\n    <div class=\"holder\">\n        <div class=\"py-10 px-4 md:py-[7em] grid grid-cols-12 gap-4 rounded bg-yellowBeige text-brownBlack \">\n            <div class=\"col-span-12 lg:col-span-3 lg:col-start-2\">\n                <h2 class=\"text-24 font-bold leading-[1.1] md:responsive-heading-l mb-4\">En del av n\u00e5got st\u00f6rre<\/h2>\n            <\/div>\n            <div class=\"col-span-12 lg:col-span-5 lg:col-start-7\">\n                <div class=\"wysiwyg\">\n                    <p data-path-to-node=\"1\">Oh My Finland \u00e4r en del av Oh My, som \u00e4r en svensk kreativ byr\u00e5. Tillsammans med v\u00e5ra nordiska kollegor bygger vi starka varum\u00e4rken som \u00e4r l\u00e4tta att tycka om och sv\u00e5ra att missa.<\/p>\n<p data-path-to-node=\"2\">Ni kan d\u00e4rf\u00f6r gl\u00f6mma behovet av flera olika kommunikationspartners och avdelningar som inte kan kommunicera s\u00f6ml\u00f6st med varandra. Genom att v\u00e4lja oss f\u00e5r ni allt i ett och samma paket.<\/p>\n                <\/div>\n                                    <div class=\"mt-4\">\n                        <a class=\"btn responsive-btn\" href=\"https:\/\/www.ohmy.fi\/sv\/kontakt\/\" target=\"\">Kontakta oss<\/a>\n                    <\/div>\n                            <\/div>\n        <\/div>\n    <\/div>\n            <div class=\"custom-mouse\">\n            <img decoding=\"async\" src=\"https:\/\/www.ohmy.fi\/wp-content\/themes\/ohmy-2025\/img\/britta.svg\" alt=\"Custom Cursor\" \/>\n        <\/div>\n    <\/section>\n\n\n<section class=\"text-columns relative pt-4 lg:pt-4 pb-4 lg:pb-4\">\n    <div class=\"holder\">\n        <div class=\"wysiwyg article\"><p>Vi \u00e4r glada och stolta \u00f6ver att dagligen f\u00e5 jobba tajt med v\u00e5ra kunder och samarbetspartners. Vi tror p\u00e5 l\u00e5ngsiktiga samarbeten d\u00e4r vi jobbar n\u00e4ra v\u00e5ra kunder i hela processen. Allt fr\u00e5n den f\u00f6rsta id\u00e9n till slutprodukt och analys. Inom kort publicerar vi referenscase h\u00e4r p\u00e5 webbplatsen \u2013 stay tuned!<\/p>\n<\/div>\n    <\/div>\n\n<\/section>\n\n\n<section class=\"three-colored-columns relative pt-4 lg:pt-4 pb-4 lg:pb-4\">\n    <div class=\"holder\">\n            <\/div>\n<\/section>","protected":false},"excerpt":{"rendered":"","protected":false},"author":1,"featured_media":0,"parent":0,"menu_order":0,"comment_status":"closed","ping_status":"closed","template":"","meta":{"_acf_changed":false,"footnotes":""},"class_list":["post-339","page","type-page","status-publish","hentry"],"acf":[],"yoast_head":"<!-- This site is optimized with the Yoast SEO plugin v26.3 - https:\/\/yoast.com\/wordpress\/plugins\/seo\/ -->\n<title>Start - Oh My Finland<\/title>\n<meta name=\"robots\" content=\"index, follow, max-snippet:-1, max-image-preview:large, max-video-preview:-1\" \/>\n<link rel=\"canonical\" href=\"https:\/\/www.ohmy.fi\/sv\/\" \/>\n<meta property=\"og:locale\" content=\"sv_SE\" \/>\n<meta property=\"og:type\" content=\"article\" \/>\n<meta property=\"og:title\" content=\"Start - Oh My Finland\" \/>\n<meta property=\"og:url\" content=\"https:\/\/www.ohmy.fi\/sv\/\" \/>\n<meta property=\"og:site_name\" content=\"Oh My Finland\" \/>\n<meta property=\"article:modified_time\" content=\"2026-01-16T09:45:02+00:00\" \/>\n<meta name=\"twitter:card\" content=\"summary_large_image\" \/>\n<script type=\"application\/ld+json\" class=\"yoast-schema-graph\">{\"@context\":\"https:\/\/schema.org\",\"@graph\":[{\"@type\":\"WebPage\",\"@id\":\"https:\/\/www.ohmy.fi\/sv\/\",\"url\":\"https:\/\/www.ohmy.fi\/sv\/\",\"name\":\"Start - Oh My Finland\",\"isPartOf\":{\"@id\":\"https:\/\/www.ohmy.fi\/#website\"},\"datePublished\":\"2025-11-04T15:12:27+00:00\",\"dateModified\":\"2026-01-16T09:45:02+00:00\",\"breadcrumb\":{\"@id\":\"https:\/\/www.ohmy.fi\/sv\/#breadcrumb\"},\"inLanguage\":\"sv-SE\",\"potentialAction\":[{\"@type\":\"ReadAction\",\"target\":[\"https:\/\/www.ohmy.fi\/sv\/\"]}]},{\"@type\":\"BreadcrumbList\",\"@id\":\"https:\/\/www.ohmy.fi\/sv\/#breadcrumb\",\"itemListElement\":[{\"@type\":\"ListItem\",\"position\":1,\"name\":\"Home\",\"item\":\"https:\/\/www.ohmy.fi\/sv\/\"},{\"@type\":\"ListItem\",\"position\":2,\"name\":\"Start\"}]},{\"@type\":\"WebSite\",\"@id\":\"https:\/\/www.ohmy.fi\/#website\",\"url\":\"https:\/\/www.ohmy.fi\/\",\"name\":\"Oh My Finland\",\"description\":\"\",\"potentialAction\":[{\"@type\":\"SearchAction\",\"target\":{\"@type\":\"EntryPoint\",\"urlTemplate\":\"https:\/\/www.ohmy.fi\/?s={search_term_string}\"},\"query-input\":{\"@type\":\"PropertyValueSpecification\",\"valueRequired\":true,\"valueName\":\"search_term_string\"}}],\"inLanguage\":\"sv-SE\"}]}<\/script>\n<!-- \/ Yoast SEO plugin. -->","yoast_head_json":{"title":"Start - Oh My Finland","robots":{"index":"index","follow":"follow","max-snippet":"max-snippet:-1","max-image-preview":"max-image-preview:large","max-video-preview":"max-video-preview:-1"},"canonical":"https:\/\/www.ohmy.fi\/sv\/","og_locale":"sv_SE","og_type":"article","og_title":"Start - Oh My Finland","og_url":"https:\/\/www.ohmy.fi\/sv\/","og_site_name":"Oh My Finland","article_modified_time":"2026-01-16T09:45:02+00:00","twitter_card":"summary_large_image","schema":{"@context":"https:\/\/schema.org","@graph":[{"@type":"WebPage","@id":"https:\/\/www.ohmy.fi\/sv\/","url":"https:\/\/www.ohmy.fi\/sv\/","name":"Start - Oh My Finland","isPartOf":{"@id":"https:\/\/www.ohmy.fi\/#website"},"datePublished":"2025-11-04T15:12:27+00:00","dateModified":"2026-01-16T09:45:02+00:00","breadcrumb":{"@id":"https:\/\/www.ohmy.fi\/sv\/#breadcrumb"},"inLanguage":"sv-SE","potentialAction":[{"@type":"ReadAction","target":["https:\/\/www.ohmy.fi\/sv\/"]}]},{"@type":"BreadcrumbList","@id":"https:\/\/www.ohmy.fi\/sv\/#breadcrumb","itemListElement":[{"@type":"ListItem","position":1,"name":"Home","item":"https:\/\/www.ohmy.fi\/sv\/"},{"@type":"ListItem","position":2,"name":"Start"}]},{"@type":"WebSite","@id":"https:\/\/www.ohmy.fi\/#website","url":"https:\/\/www.ohmy.fi\/","name":"Oh My Finland","description":"","potentialAction":[{"@type":"SearchAction","target":{"@type":"EntryPoint","urlTemplate":"https:\/\/www.ohmy.fi\/?s={search_term_string}"},"query-input":{"@type":"PropertyValueSpecification","valueRequired":true,"valueName":"search_term_string"}}],"inLanguage":"sv-SE"}]}},"_links":{"self":[{"href":"https:\/\/www.ohmy.fi\/sv\/wp-json\/wp\/v2\/pages\/339","targetHints":{"allow":["GET"]}}],"collection":[{"href":"https:\/\/www.ohmy.fi\/sv\/wp-json\/wp\/v2\/pages"}],"about":[{"href":"https:\/\/www.ohmy.fi\/sv\/wp-json\/wp\/v2\/types\/page"}],"author":[{"embeddable":true,"href":"https:\/\/www.ohmy.fi\/sv\/wp-json\/wp\/v2\/users\/1"}],"replies":[{"embeddable":true,"href":"https:\/\/www.ohmy.fi\/sv\/wp-json\/wp\/v2\/comments?post=339"}],"version-history":[{"count":24,"href":"https:\/\/www.ohmy.fi\/sv\/wp-json\/wp\/v2\/pages\/339\/revisions"}],"predecessor-version":[{"id":750,"href":"https:\/\/www.ohmy.fi\/sv\/wp-json\/wp\/v2\/pages\/339\/revisions\/750"}],"wp:attachment":[{"href":"https:\/\/www.ohmy.fi\/sv\/wp-json\/wp\/v2\/media?parent=339"}],"curies":[{"name":"wp","href":"https:\/\/api.w.org\/{rel}","templated":true}]}}