{"id":341,"date":"2025-11-05T11:29:56","date_gmt":"2025-11-05T11:29:56","guid":{"rendered":"https:\/\/www.ohmy.fi\/?page_id=341"},"modified":"2026-01-13T07:21:54","modified_gmt":"2026-01-13T07:21:54","slug":"vad-vi-gor","status":"publish","type":"page","link":"https:\/\/www.ohmy.fi\/sv\/vad-vi-gor\/","title":{"rendered":"Vad vi g\u00f6r"},"content":{"rendered":"\n<section class=\"hero relative max-h-[90dvh] pt-4 lg:pt-4 pb-4 lg:pb-4\">\n    <div class=\"holder\">\n        <div class=\"relative hero-holder\">\n                            <picture class=\"w-full\"><source media=\"(max-width:639px)\" srcset=\"https:\/\/images.ohmyhosting.se\/oReFBmhAnTRYnbMHgAwEHhmO3n8=\/382x417\/smart\/filters:quality(85)\/https%3A%2F%2Fwww.ohmy.fi%2Fwp-content%2Fuploads%2F2026%2F01%2FOhmy_DSF4977_25-11-07_web.jpg 1x, https:\/\/images.ohmyhosting.se\/T2NL_KRGtNOdQgu_yJcR-UkUxEY=\/764x834\/smart\/filters:quality(85)\/https%3A%2F%2Fwww.ohmy.fi%2Fwp-content%2Fuploads%2F2026%2F01%2FOhmy_DSF4977_25-11-07_web.jpg 2x\"><source media=\"(max-width:1022px)\" srcset=\"https:\/\/images.ohmyhosting.se\/hTKmjrIfXzbw_iSptugQwCzb-9I=\/732x800\/smart\/filters:quality(85)\/https%3A%2F%2Fwww.ohmy.fi%2Fwp-content%2Fuploads%2F2026%2F01%2FOhmy_DSF4977_25-11-07_web.jpg 1x, https:\/\/images.ohmyhosting.se\/y22lrzm8TT6DCi7U_wKMbu-naIQ=\/1464x1600\/smart\/filters:quality(85)\/https%3A%2F%2Fwww.ohmy.fi%2Fwp-content%2Fuploads%2F2026%2F01%2FOhmy_DSF4977_25-11-07_web.jpg 2x\"><img decoding=\"async\" src=\"https:\/\/images.ohmyhosting.se\/rGb9XL1cTYuJVMuct1fArHThSjk=\/2513x1356\/smart\/filters:quality(85)\/https%3A%2F%2Fwww.ohmy.fi%2Fwp-content%2Fuploads%2F2026%2F01%2FOhmy_DSF4977_25-11-07_web.jpg\" srcset=\"https:\/\/images.ohmyhosting.se\/rGb9XL1cTYuJVMuct1fArHThSjk=\/2513x1356\/smart\/filters:quality(85)\/https%3A%2F%2Fwww.ohmy.fi%2Fwp-content%2Fuploads%2F2026%2F01%2FOhmy_DSF4977_25-11-07_web.jpg 1x, https:\/\/images.ohmyhosting.se\/Y0hgBQfVCllv1N5CqKMP9loqT6s=\/5026x2712\/smart\/filters:quality(85)\/https%3A%2F%2Fwww.ohmy.fi%2Fwp-content%2Fuploads%2F2026%2F01%2FOhmy_DSF4977_25-11-07_web.jpg 2x\" alt=\"\" class=\"w-full w-full rounded max-h-[90dvh]  object-cover\" width=\"2513\" height=\"1356\" \/><\/picture>                        <div class=\"absolute inset-0 z-[2]\">\n                <div class=\"flex flex-col items-center justify-center text-white h-full\">\n                    <h1 class=\"font-bold px-4 text-24 md:responsive-heading-l text-center mb-4\">Att lyckas kr\u00e4ver mer <br> \u00e4n bara en \u00f6vers\u00e4ttning<\/h1>\n                    <div class=\"wysiwyg px-4 md:max-w-[57%] mx-auto text-center\"><\/div>\n                                    <\/div>\n            <\/div>\n        <\/div>\n    <\/div>\n<\/section>\n\n\n<section class=\"text-columns relative pt-4 lg:pt-4 pb-4 lg:pb-4\">\n    <div class=\"holder\">\n        <div class=\"wysiwyg article\"><p>Det har varit v\u00e5r filosofi sedan dag ett, och vi m\u00e4rker det i varje projekt. \u00c4ven om likheterna mellan Sverige och Finland \u00e4r m\u00e5nga, finns det kulturella och aff\u00e4rsm\u00e4ssiga skillnader som spelar stor roll. Dessa nyanser finns inte bara mellan l\u00e4nderna, utan \u00e4ven inom dem \u2013 allt fr\u00e5n kulturella s\u00e4rdrag till olika verksamhetstyper och syften. Det \u00e4r en balansg\u00e5ng som kr\u00e4ver kunskap och fingertoppsk\u00e4nsla f\u00f6r att er satsning ska lyckas hela v\u00e4gen. Och det \u00e4r h\u00e4r vi kommer in!<\/p>\n<\/div>\n    <\/div>\n\n<\/section>\n\n\n<section class=\"small-hero js-custom-mouse-flip  relative pt-0 pb-4 lg:pb-4\">\n    <div class=\"holder\">\n\n        <div class=\"py-10 md:py-[4.33em] rounded\">\n            <div class=\"text-center flex flex-col justify-center items-center space-y-4 max-w-[44.5em] mx-auto\">\n                                <h1 class=\"text-28 font-bold leading-[1.1] lg:responsive-heading-xl\">Er nordiska startegi- och kommunikationspartner: s\u00e5 hj\u00e4lper vi er att v\u00e4xa<\/h1>\n            <\/div>\n        <\/div>\n    <\/div>\n<\/section>\n\n\n<section class=\"fifty-fifty relative pt-4 lg:pt-4 pb-4 lg:pb-4\">\n    <div class=\"holder\">\n        <div class=\"grid grid-cols-12 gap-4\">\n            <div class=\"col-span-12 lg:col-span-6  lg:order-2\">\n                                    <picture class=\"w-full\"><source media=\"(max-width:639px)\" srcset=\"https:\/\/images.ohmyhosting.se\/8hUdVemff4Bq1pqJMbap8MLUlkc=\/fit-in\/382x332\/filters:quality(85)\/https%3A%2F%2Fwww.ohmy.fi%2Fwp-content%2Fuploads%2F2025%2F11%2Fsff2.png 1x, https:\/\/images.ohmyhosting.se\/OKDyPAOZiuQzl48kNiQXVGKYCEo=\/fit-in\/764x664\/filters:quality(85)\/https%3A%2F%2Fwww.ohmy.fi%2Fwp-content%2Fuploads%2F2025%2F11%2Fsff2.png 2x\"><source media=\"(max-width:1022px)\" srcset=\"https:\/\/images.ohmyhosting.se\/iwp65PUa34dhM1Bw8qnn4-OHZlA=\/fit-in\/732x648\/filters:quality(85)\/https%3A%2F%2Fwww.ohmy.fi%2Fwp-content%2Fuploads%2F2025%2F11%2Fsff2.png 1x, https:\/\/images.ohmyhosting.se\/Wj-2-1dcjgqInRf-8NLUXGnpyg8=\/fit-in\/1464x1296\/filters:quality(85)\/https%3A%2F%2Fwww.ohmy.fi%2Fwp-content%2Fuploads%2F2025%2F11%2Fsff2.png 2x\"><img decoding=\"async\" src=\"https:\/\/images.ohmyhosting.se\/tOvoFMSfZW6rjj0p9C1Ldm8MJyI=\/fit-in\/1249x1249\/filters:quality(85)\/https%3A%2F%2Fwww.ohmy.fi%2Fwp-content%2Fuploads%2F2025%2F11%2Fsff2.png\" srcset=\"https:\/\/images.ohmyhosting.se\/tOvoFMSfZW6rjj0p9C1Ldm8MJyI=\/fit-in\/1249x1249\/filters:quality(85)\/https%3A%2F%2Fwww.ohmy.fi%2Fwp-content%2Fuploads%2F2025%2F11%2Fsff2.png 1x, https:\/\/images.ohmyhosting.se\/OPDe_Eru0PkIqNc4XCXwZGIKWCw=\/fit-in\/2498x2498\/filters:quality(85)\/https%3A%2F%2Fwww.ohmy.fi%2Fwp-content%2Fuploads%2F2025%2F11%2Fsff2.png 2x\" alt=\"\" class=\"w-full w-full card-item group-hover:scale-[102%] rounded\" width=\"1249\" height=\"1249\" \/><\/picture>                            <\/div>\n            <div class=\"col-span-12 lg:order-1 lg:col-span-6\">\n                <p><strong>Tv\u00e5 l\u00e4nder, en byr\u00e5<\/strong><\/p>\n<p>Samarbetet mellan Finland och Sverige v\u00e4xer p\u00e5 alla fronter, s\u00e5 \u00e4ven i n\u00e4ringslivet. I och med detta har vi m\u00e4rkt att m\u00e5nga finska f\u00f6retag \u00e4r intresserade av att bedriva aff\u00e4rsverksamhet p\u00e5 den svenska sidan, och p\u00e5 motsvarande s\u00e4tt har svenska f\u00f6retag varit intresserade av att expandera sin verksamhet till Finland.<\/p>\n<p>&nbsp;<\/p>\n<p>Att rulla ut kampanjer i olika l\u00e4nder d\u00e4r kulturella och aff\u00e4rsm\u00e4ssiga nyansskillnader r\u00e5der \u00e4r en utmaning. Oh My hj\u00e4lper er att f\u00e5 er verksamhet att fungera i b\u00e5de Sverige och Finland.<\/p>\n            <\/div>\n        <\/div>\n    <\/div>\n\n<\/section>\n\n\n<section class=\"fifty-fifty relative pt-4 lg:pt-4 pb-4 lg:pb-4\">\n    <div class=\"holder\">\n        <div class=\"grid grid-cols-12 gap-4\">\n            <div class=\"col-span-12 lg:col-span-6  lg:order-1\">\n                                    <picture class=\"w-full\"><source media=\"(max-width:639px)\" srcset=\"https:\/\/images.ohmyhosting.se\/wxVKUPyD0LXZjd7W69SE7V9NFV4=\/fit-in\/382x332\/filters:quality(85)\/https%3A%2F%2Fwww.ohmy.fi%2Fwp-content%2Fuploads%2F2025%2F11%2Fsff2-2.jpg 1x, https:\/\/images.ohmyhosting.se\/0t6HtKsu4NqzSJ-g9t2fn2dMlfI=\/fit-in\/764x664\/filters:quality(85)\/https%3A%2F%2Fwww.ohmy.fi%2Fwp-content%2Fuploads%2F2025%2F11%2Fsff2-2.jpg 2x\"><source media=\"(max-width:1022px)\" srcset=\"https:\/\/images.ohmyhosting.se\/BfB9AvVokhdgJaf9C_rmR3F5Jf0=\/fit-in\/732x648\/filters:quality(85)\/https%3A%2F%2Fwww.ohmy.fi%2Fwp-content%2Fuploads%2F2025%2F11%2Fsff2-2.jpg 1x, https:\/\/images.ohmyhosting.se\/meHgqm5SP8IYp0mdxETzKHGBr7Y=\/fit-in\/1464x1296\/filters:quality(85)\/https%3A%2F%2Fwww.ohmy.fi%2Fwp-content%2Fuploads%2F2025%2F11%2Fsff2-2.jpg 2x\"><img decoding=\"async\" src=\"https:\/\/images.ohmyhosting.se\/5RAw8ZkoD-2qqax_4XmCtRruNYc=\/fit-in\/1249x1249\/filters:quality(85)\/https%3A%2F%2Fwww.ohmy.fi%2Fwp-content%2Fuploads%2F2025%2F11%2Fsff2-2.jpg\" srcset=\"https:\/\/images.ohmyhosting.se\/5RAw8ZkoD-2qqax_4XmCtRruNYc=\/fit-in\/1249x1249\/filters:quality(85)\/https%3A%2F%2Fwww.ohmy.fi%2Fwp-content%2Fuploads%2F2025%2F11%2Fsff2-2.jpg 1x, https:\/\/images.ohmyhosting.se\/6943Yu9Dd3ZrRxxZ0AqgyPH0DVo=\/fit-in\/2498x2498\/filters:quality(85)\/https%3A%2F%2Fwww.ohmy.fi%2Fwp-content%2Fuploads%2F2025%2F11%2Fsff2-2.jpg 2x\" alt=\"\" class=\"w-full w-full card-item group-hover:scale-[102%] rounded\" width=\"1249\" height=\"1249\" \/><\/picture>                            <\/div>\n            <div class=\"col-span-12 lg:order-2 lg:col-span-6\">\n                <p><strong>Flerspr\u00e5kighet inhouse<\/strong><\/p>\n<p>Eventuella spr\u00e5kf\u00f6rbistringar? Inte h\u00e4r! Vi har skribenter och copywriters som skriver p\u00e5 som skriver p\u00e5 s\u00e5v\u00e4l finska, svenska som engelska vilket g\u00f6r att vi snabbt kan komma till skott med textproduktion p\u00e5 de spr\u00e5k som beh\u00f6vs. Men ocks\u00e5 ta fram kampanjmaterial som fungerar f\u00f6r tv\u00e5- eller flerspr\u00e5kiga regioner. Sj\u00e4lvklart har vi \u00e4ven projektledare och kundansvariga som p\u00e5 en sekund kan byta fr\u00e5n finska till svenska till engelska, och tillbaka igen.<\/p>\n            <\/div>\n        <\/div>\n    <\/div>\n\n<\/section>\n\n\n<section class=\"fifty-fifty relative pt-4 lg:pt-4 pb-4 lg:pb-4\">\n    <div class=\"holder\">\n        <div class=\"grid grid-cols-12 gap-4\">\n            <div class=\"col-span-12 lg:col-span-6  lg:order-2\">\n                                    <picture class=\"w-full\"><source media=\"(max-width:639px)\" srcset=\"https:\/\/images.ohmyhosting.se\/uc0OpVdPLZRuVptLSo8CjkY7vWU=\/fit-in\/382x332\/filters:quality(85)\/https%3A%2F%2Fwww.ohmy.fi%2Fwp-content%2Fuploads%2F2025%2F11%2Fsff2-3.jpg 1x, https:\/\/images.ohmyhosting.se\/8Cyko5FO9N1-dV2TBTj7UB60010=\/fit-in\/764x664\/filters:quality(85)\/https%3A%2F%2Fwww.ohmy.fi%2Fwp-content%2Fuploads%2F2025%2F11%2Fsff2-3.jpg 2x\"><source media=\"(max-width:1022px)\" srcset=\"https:\/\/images.ohmyhosting.se\/Ba5llRzEwC6UXp6EnDifcgwTwrg=\/fit-in\/732x648\/filters:quality(85)\/https%3A%2F%2Fwww.ohmy.fi%2Fwp-content%2Fuploads%2F2025%2F11%2Fsff2-3.jpg 1x, https:\/\/images.ohmyhosting.se\/8QMg9cjiWjV2wD8SFc5NOZ9reTI=\/fit-in\/1464x1296\/filters:quality(85)\/https%3A%2F%2Fwww.ohmy.fi%2Fwp-content%2Fuploads%2F2025%2F11%2Fsff2-3.jpg 2x\"><img decoding=\"async\" src=\"https:\/\/images.ohmyhosting.se\/7ww0aiSpfI0JJ72wlmJ6625KrxE=\/fit-in\/1249x1249\/filters:quality(85)\/https%3A%2F%2Fwww.ohmy.fi%2Fwp-content%2Fuploads%2F2025%2F11%2Fsff2-3.jpg\" srcset=\"https:\/\/images.ohmyhosting.se\/7ww0aiSpfI0JJ72wlmJ6625KrxE=\/fit-in\/1249x1249\/filters:quality(85)\/https%3A%2F%2Fwww.ohmy.fi%2Fwp-content%2Fuploads%2F2025%2F11%2Fsff2-3.jpg 1x, https:\/\/images.ohmyhosting.se\/kXa9v__z71I3CIxPj_Me5RCQg7g=\/fit-in\/2498x2498\/filters:quality(85)\/https%3A%2F%2Fwww.ohmy.fi%2Fwp-content%2Fuploads%2F2025%2F11%2Fsff2-3.jpg 2x\" alt=\"\" class=\"w-full w-full card-item group-hover:scale-[102%] rounded\" width=\"1249\" height=\"1249\" \/><\/picture>                            <\/div>\n            <div class=\"col-span-12 lg:order-1 lg:col-span-6\">\n                <p><strong>Kulturella och marknadsm\u00e4ssiga likheter och skillnader<\/strong><\/p>\n<p>Finland och Sverige ligger n\u00e4ra varandra i kultur, men det finns skillnader. D\u00e4rf\u00f6r \u00e4r det viktigt att ha en \u00f6vergripande bild av de tv\u00e5 l\u00e4ndernas likheter och olikheter, och d\u00e4r kan vi bidra med ett unikt perspektiv \u2013 n\u00e5got som \u00e4r s\u00e4llsynt i branschen.<\/p>\n<p>&nbsp;<\/p>\n<p>Genom erfarenhet och strategiska rekryteringar har vi p\u00e5 Oh My byggt ett stort n\u00e4tverk p\u00e5 den finska sidan av \u00d6stersj\u00f6n.<\/p>\n            <\/div>\n        <\/div>\n    <\/div>\n\n<\/section>\n\n\n<section class=\"fifty-fifty relative pt-4 lg:pt-4 pb-4 lg:pb-4\">\n    <div class=\"holder\">\n        <div class=\"grid grid-cols-12 gap-4\">\n            <div class=\"col-span-12 lg:col-span-6  lg:order-1\">\n                                    <picture class=\"w-full\"><source media=\"(max-width:639px)\" srcset=\"https:\/\/images.ohmyhosting.se\/Hqh-MvL-t4CVGcE_Z5hPmGlbM7s=\/fit-in\/382x332\/filters:quality(85)\/https%3A%2F%2Fwww.ohmy.fi%2Fwp-content%2Fuploads%2F2025%2F11%2FIMG.jpg 1x, https:\/\/images.ohmyhosting.se\/Kop9EmweYLaG_lPiLsTxdrFRPtA=\/fit-in\/764x664\/filters:quality(85)\/https%3A%2F%2Fwww.ohmy.fi%2Fwp-content%2Fuploads%2F2025%2F11%2FIMG.jpg 2x\"><source media=\"(max-width:1022px)\" srcset=\"https:\/\/images.ohmyhosting.se\/eNnkVJWYUve05X6lYjjX4bbTz0A=\/fit-in\/732x648\/filters:quality(85)\/https%3A%2F%2Fwww.ohmy.fi%2Fwp-content%2Fuploads%2F2025%2F11%2FIMG.jpg 1x, https:\/\/images.ohmyhosting.se\/RATsnzOSkyCNbPuzaogJZFonCJk=\/fit-in\/1464x1296\/filters:quality(85)\/https%3A%2F%2Fwww.ohmy.fi%2Fwp-content%2Fuploads%2F2025%2F11%2FIMG.jpg 2x\"><img decoding=\"async\" src=\"https:\/\/images.ohmyhosting.se\/QUXujjWeUZcy6gBNcQrp9hT35Bs=\/fit-in\/1249x1249\/filters:quality(85)\/https%3A%2F%2Fwww.ohmy.fi%2Fwp-content%2Fuploads%2F2025%2F11%2FIMG.jpg\" srcset=\"https:\/\/images.ohmyhosting.se\/QUXujjWeUZcy6gBNcQrp9hT35Bs=\/fit-in\/1249x1249\/filters:quality(85)\/https%3A%2F%2Fwww.ohmy.fi%2Fwp-content%2Fuploads%2F2025%2F11%2FIMG.jpg 1x, https:\/\/images.ohmyhosting.se\/im5vVKRoNPvVkhk4UFgmuqmyH1c=\/fit-in\/2498x2498\/filters:quality(85)\/https%3A%2F%2Fwww.ohmy.fi%2Fwp-content%2Fuploads%2F2025%2F11%2FIMG.jpg 2x\" alt=\"\" class=\"w-full w-full card-item group-hover:scale-[102%] rounded\" width=\"1249\" height=\"1249\" \/><\/picture>                            <\/div>\n            <div class=\"col-span-12 lg:order-2 lg:col-span-6\">\n                <p data-path-to-node=\"1\"><b data-path-to-node=\"1\" data-index-in-node=\"1\">Beredskap f\u00f6r att verka inom m\u00e5nga branscher<\/b><\/p>\n<p data-path-to-node=\"1\">V\u00e5r specialitet \u00e4r att arbeta med organisationer d\u00e4r fokus ligger p\u00e5 nordiskt samarbete eller det finska eller svenska spr\u00e5ket \u2013 eller b\u00e4gge tv\u00e5. D\u00e4rf\u00f6r har till exempel m\u00e5nga finlandssvenska stiftelser och sverigefinska organisationer valt oss som partner. Er bransch kan sj\u00e4lvklart vara vilken som helst \u00e4ven utanf\u00f6r dessa omr\u00e5den!<\/p>\n<p data-path-to-node=\"1\">Oavsett om ni s\u00f6ker lokalt st\u00f6d eller ett bredare fotf\u00e4ste p\u00e5 nya marknader, \u00e4r vi er flexibla och kunniga partner \u2013 oberoende av organisationens storlek eller bransch.<\/p>\n            <\/div>\n        <\/div>\n    <\/div>\n\n<\/section>\n\n\n<section class=\"text-columns relative pt-4 lg:pt-4 pb-4 lg:pb-4\">\n    <div class=\"holder\">\n        <div class=\"grid grid-cols-12 gap-4\">\n            <div class=\"wysiwyg article lg:col-span-7 col-span-12\"><p><strong>Aff\u00e4rsomr\u00e5den<\/strong><\/p>\n<p>Oh My har flera olika aff\u00e4rsomr\u00e5den och otroligt mycket olika kompetenser. H\u00e4r kan du bekanta dig med v\u00e5ra aff\u00e4rsomr\u00e5den samt vilka typer av kompetenser vi kan erbjuda just dig.<\/p>\n<\/div>\n        <\/div>\n    <\/div>\n\n<\/section>\n\n\n<section class=\"project-competenses pt-4 lg:pt-4 pb-4 lg:pb-4\">\n    <div class=\"holder mt-8 lg:mt-0\">\n        <div class=\"responsive-tag inline-block mb-4\">Kompetenser<\/div>\n                    <div>\n                                    <div class=\"md:flex-row md:justify-between md:space-x-4 flex flex-col mobile-heading-m text-24 font-bold md:responsive-heading-l has-special-border py-4 first-of-type:border-t border-b border-brownBlack\">\n                        <h3>Design<\/h3>\n                                            <\/div>\n                                    <div class=\"md:flex-row md:justify-between md:space-x-4 flex flex-col mobile-heading-m text-24 font-bold md:responsive-heading-l has-special-border py-4 first-of-type:border-t border-b border-brownBlack\">\n                        <h3>Events<\/h3>\n                                            <\/div>\n                                    <div class=\"md:flex-row md:justify-between md:space-x-4 flex flex-col mobile-heading-m text-24 font-bold md:responsive-heading-l has-special-border py-4 first-of-type:border-t border-b border-brownBlack\">\n                        <h3>Inneh\u00e5llsproduktion<\/h3>\n                                            <\/div>\n                                    <div class=\"md:flex-row md:justify-between md:space-x-4 flex flex-col mobile-heading-m text-24 font-bold md:responsive-heading-l has-special-border py-4 first-of-type:border-t border-b border-brownBlack\">\n                        <h3>Kommunikation<\/h3>\n                                            <\/div>\n                                    <div class=\"md:flex-row md:justify-between md:space-x-4 flex flex-col mobile-heading-m text-24 font-bold md:responsive-heading-l has-special-border py-4 first-of-type:border-t border-b border-brownBlack\">\n                        <h3>Kreativ strategi<\/h3>\n                                            <\/div>\n                                    <div class=\"md:flex-row md:justify-between md:space-x-4 flex flex-col mobile-heading-m text-24 font-bold md:responsive-heading-l has-special-border py-4 first-of-type:border-t border-b border-brownBlack\">\n                        <h3>Verksamhetsutveckling<\/h3>\n                                            <\/div>\n                                    <div class=\"md:flex-row md:justify-between md:space-x-4 flex flex-col mobile-heading-m text-24 font-bold md:responsive-heading-l has-special-border py-4 first-of-type:border-t border-b border-brownBlack\">\n                        <h3>Visuell identitet<\/h3>\n                                            <\/div>\n                            <\/div>\n            <\/div>\n<\/section>\n\n\n<section class=\"text-columns relative pt-4 lg:pt-4 pb-4 lg:pb-4\">\n    <div class=\"holder\">\n        <div class=\"wysiwyg article\"><p><strong>\u00c4r du tr\u00f6tt p\u00e5 djungeln av kommunikationspartners?<\/strong><\/p>\n<p>Om ditt nuvarande samarbete eller dess komplexa uppl\u00e4gg k\u00e4nns r\u00f6rigt \u2013 ta hj\u00e4lp av Oh My Finland. Vi hj\u00e4lper dig att strukturera om organisationens kommunikation och skapa en tydlig arbetsmodell som fungerar p\u00e5 b\u00e5de svenska och finska (och varf\u00f6r inte engelska ocks\u00e5). I forts\u00e4ttningen beh\u00f6ver du allts\u00e5 inte flera olika akt\u00f6rer f\u00f6r olika marknader: Oh My Finland hj\u00e4lper dig med alla dina kommunikationsbehov.<\/p>\n<\/div>\n    <\/div>\n\n<\/section>","protected":false},"excerpt":{"rendered":"","protected":false},"author":1,"featured_media":0,"parent":0,"menu_order":0,"comment_status":"closed","ping_status":"closed","template":"","meta":{"_acf_changed":false,"footnotes":""},"class_list":["post-341","page","type-page","status-publish","hentry"],"acf":[],"yoast_head":"<!-- This site is optimized with the Yoast SEO plugin v26.3 - https:\/\/yoast.com\/wordpress\/plugins\/seo\/ -->\n<title>Vad vi g\u00f6r - Oh My Finland<\/title>\n<meta name=\"robots\" content=\"index, follow, max-snippet:-1, max-image-preview:large, max-video-preview:-1\" \/>\n<link rel=\"canonical\" href=\"https:\/\/www.ohmy.fi\/sv\/vad-vi-gor\/\" \/>\n<meta property=\"og:locale\" content=\"sv_SE\" \/>\n<meta property=\"og:type\" content=\"article\" \/>\n<meta property=\"og:title\" content=\"Vad vi g\u00f6r - Oh My Finland\" \/>\n<meta property=\"og:url\" content=\"https:\/\/www.ohmy.fi\/sv\/vad-vi-gor\/\" \/>\n<meta property=\"og:site_name\" content=\"Oh My Finland\" \/>\n<meta property=\"article:modified_time\" content=\"2026-01-13T07:21:54+00:00\" \/>\n<meta name=\"twitter:card\" content=\"summary_large_image\" \/>\n<script type=\"application\/ld+json\" class=\"yoast-schema-graph\">{\"@context\":\"https:\/\/schema.org\",\"@graph\":[{\"@type\":\"WebPage\",\"@id\":\"https:\/\/www.ohmy.fi\/sv\/vad-vi-gor\/\",\"url\":\"https:\/\/www.ohmy.fi\/sv\/vad-vi-gor\/\",\"name\":\"Vad vi g\u00f6r - Oh My Finland\",\"isPartOf\":{\"@id\":\"https:\/\/www.ohmy.fi\/#website\"},\"datePublished\":\"2025-11-05T11:29:56+00:00\",\"dateModified\":\"2026-01-13T07:21:54+00:00\",\"breadcrumb\":{\"@id\":\"https:\/\/www.ohmy.fi\/sv\/vad-vi-gor\/#breadcrumb\"},\"inLanguage\":\"sv-SE\",\"potentialAction\":[{\"@type\":\"ReadAction\",\"target\":[\"https:\/\/www.ohmy.fi\/sv\/vad-vi-gor\/\"]}]},{\"@type\":\"BreadcrumbList\",\"@id\":\"https:\/\/www.ohmy.fi\/sv\/vad-vi-gor\/#breadcrumb\",\"itemListElement\":[{\"@type\":\"ListItem\",\"position\":1,\"name\":\"Home\",\"item\":\"https:\/\/www.ohmy.fi\/sv\/\"},{\"@type\":\"ListItem\",\"position\":2,\"name\":\"Vad vi g\u00f6r\"}]},{\"@type\":\"WebSite\",\"@id\":\"https:\/\/www.ohmy.fi\/#website\",\"url\":\"https:\/\/www.ohmy.fi\/\",\"name\":\"Oh My Finland\",\"description\":\"\",\"potentialAction\":[{\"@type\":\"SearchAction\",\"target\":{\"@type\":\"EntryPoint\",\"urlTemplate\":\"https:\/\/www.ohmy.fi\/?s={search_term_string}\"},\"query-input\":{\"@type\":\"PropertyValueSpecification\",\"valueRequired\":true,\"valueName\":\"search_term_string\"}}],\"inLanguage\":\"sv-SE\"}]}<\/script>\n<!-- \/ Yoast SEO plugin. -->","yoast_head_json":{"title":"Vad vi g\u00f6r - Oh My Finland","robots":{"index":"index","follow":"follow","max-snippet":"max-snippet:-1","max-image-preview":"max-image-preview:large","max-video-preview":"max-video-preview:-1"},"canonical":"https:\/\/www.ohmy.fi\/sv\/vad-vi-gor\/","og_locale":"sv_SE","og_type":"article","og_title":"Vad vi g\u00f6r - Oh My Finland","og_url":"https:\/\/www.ohmy.fi\/sv\/vad-vi-gor\/","og_site_name":"Oh My Finland","article_modified_time":"2026-01-13T07:21:54+00:00","twitter_card":"summary_large_image","schema":{"@context":"https:\/\/schema.org","@graph":[{"@type":"WebPage","@id":"https:\/\/www.ohmy.fi\/sv\/vad-vi-gor\/","url":"https:\/\/www.ohmy.fi\/sv\/vad-vi-gor\/","name":"Vad vi g\u00f6r - Oh My Finland","isPartOf":{"@id":"https:\/\/www.ohmy.fi\/#website"},"datePublished":"2025-11-05T11:29:56+00:00","dateModified":"2026-01-13T07:21:54+00:00","breadcrumb":{"@id":"https:\/\/www.ohmy.fi\/sv\/vad-vi-gor\/#breadcrumb"},"inLanguage":"sv-SE","potentialAction":[{"@type":"ReadAction","target":["https:\/\/www.ohmy.fi\/sv\/vad-vi-gor\/"]}]},{"@type":"BreadcrumbList","@id":"https:\/\/www.ohmy.fi\/sv\/vad-vi-gor\/#breadcrumb","itemListElement":[{"@type":"ListItem","position":1,"name":"Home","item":"https:\/\/www.ohmy.fi\/sv\/"},{"@type":"ListItem","position":2,"name":"Vad vi g\u00f6r"}]},{"@type":"WebSite","@id":"https:\/\/www.ohmy.fi\/#website","url":"https:\/\/www.ohmy.fi\/","name":"Oh My Finland","description":"","potentialAction":[{"@type":"SearchAction","target":{"@type":"EntryPoint","urlTemplate":"https:\/\/www.ohmy.fi\/?s={search_term_string}"},"query-input":{"@type":"PropertyValueSpecification","valueRequired":true,"valueName":"search_term_string"}}],"inLanguage":"sv-SE"}]}},"_links":{"self":[{"href":"https:\/\/www.ohmy.fi\/sv\/wp-json\/wp\/v2\/pages\/341","targetHints":{"allow":["GET"]}}],"collection":[{"href":"https:\/\/www.ohmy.fi\/sv\/wp-json\/wp\/v2\/pages"}],"about":[{"href":"https:\/\/www.ohmy.fi\/sv\/wp-json\/wp\/v2\/types\/page"}],"author":[{"embeddable":true,"href":"https:\/\/www.ohmy.fi\/sv\/wp-json\/wp\/v2\/users\/1"}],"replies":[{"embeddable":true,"href":"https:\/\/www.ohmy.fi\/sv\/wp-json\/wp\/v2\/comments?post=341"}],"version-history":[{"count":12,"href":"https:\/\/www.ohmy.fi\/sv\/wp-json\/wp\/v2\/pages\/341\/revisions"}],"predecessor-version":[{"id":739,"href":"https:\/\/www.ohmy.fi\/sv\/wp-json\/wp\/v2\/pages\/341\/revisions\/739"}],"wp:attachment":[{"href":"https:\/\/www.ohmy.fi\/sv\/wp-json\/wp\/v2\/media?parent=341"}],"curies":[{"name":"wp","href":"https:\/\/api.w.org\/{rel}","templated":true}]}}