{"id":352,"date":"2025-11-05T11:29:48","date_gmt":"2025-11-05T11:29:48","guid":{"rendered":"https:\/\/www.ohmy.fi\/?page_id=352"},"modified":"2026-01-12T14:48:23","modified_gmt":"2026-01-12T14:48:23","slug":"schysst","status":"publish","type":"page","link":"https:\/\/www.ohmy.fi\/sv\/schysst\/","title":{"rendered":"Schysst"},"content":{"rendered":"\n<section class=\"small-hero js-custom-mouse-flip  relative pt-0 pb-4 lg:pb-4\">\n    <div class=\"holder\">\n\n        <div class=\"py-10 md:py-[4.33em] rounded\">\n            <div class=\"text-center flex flex-col justify-center items-center space-y-4 max-w-[44.5em] mx-auto\">\n                                <h1 class=\"text-28 font-bold leading-[1.1] lg:responsive-heading-xl\">Schysst\u2122 is our DNA<\/h1>\n            <\/div>\n        <\/div>\n    <\/div>\n<\/section>\n\n\n<section class=\"project-columns pt-4 lg:pt-4 pb-4 lg:pb-4\">\n    <div class=\"holder\">\n        <div class=\"grid grid-cols-12 gap-8 lg:gap-4\">\n                                <div class=\"col-span-12 rounded lg:col-span-12\">\n                                                    <picture class=\"w-full\"><source media=\"(max-width:639px)\" srcset=\"https:\/\/images.ohmyhosting.se\/Ya9RgzBUBdX16bSu1QA8vT-ZRYE=\/fit-in\/732x648\/filters:quality(85)\/https%3A%2F%2Fwww.ohmy.fi%2Fwp-content%2Fuploads%2F2025%2F11%2Fsff2.jpg 1x, https:\/\/images.ohmyhosting.se\/f8QwReGu5tgYI2bf3MbQi_-maEM=\/fit-in\/1464x1296\/filters:quality(85)\/https%3A%2F%2Fwww.ohmy.fi%2Fwp-content%2Fuploads%2F2025%2F11%2Fsff2.jpg 2x\"><source media=\"(max-width:1022px)\" srcset=\"https:\/\/images.ohmyhosting.se\/Ya9RgzBUBdX16bSu1QA8vT-ZRYE=\/fit-in\/732x648\/filters:quality(85)\/https%3A%2F%2Fwww.ohmy.fi%2Fwp-content%2Fuploads%2F2025%2F11%2Fsff2.jpg 1x, https:\/\/images.ohmyhosting.se\/f8QwReGu5tgYI2bf3MbQi_-maEM=\/fit-in\/1464x1296\/filters:quality(85)\/https%3A%2F%2Fwww.ohmy.fi%2Fwp-content%2Fuploads%2F2025%2F11%2Fsff2.jpg 2x\"><img decoding=\"async\" src=\"https:\/\/images.ohmyhosting.se\/nudx5AHh8MxFs4kY5JiSGDbUTIg=\/fit-in\/2513x1413\/filters:quality(85)\/https%3A%2F%2Fwww.ohmy.fi%2Fwp-content%2Fuploads%2F2025%2F11%2Fsff2.jpg\" srcset=\"https:\/\/images.ohmyhosting.se\/nudx5AHh8MxFs4kY5JiSGDbUTIg=\/fit-in\/2513x1413\/filters:quality(85)\/https%3A%2F%2Fwww.ohmy.fi%2Fwp-content%2Fuploads%2F2025%2F11%2Fsff2.jpg 1x, https:\/\/images.ohmyhosting.se\/QhcoYkGTtk8Ha149OM5JbIwT1tc=\/fit-in\/5026x2826\/filters:quality(85)\/https%3A%2F%2Fwww.ohmy.fi%2Fwp-content%2Fuploads%2F2025%2F11%2Fsff2.jpg 2x\" alt=\"\" class=\"w-full w-full rounded\" width=\"2513\" height=\"1413\" \/><\/picture>                                            <\/div>\n                                    <\/div>\n    <\/div>\n<\/section>\n\n\n<section class=\"intro-text relative pt-4 lg:pt-4 pb-4 lg:pb-4\">\n    <div class=\"holder\">\n                    <div class=\"mobile-body-m lg:responsive-project-intro\"><p>Schysst\u2122 \u00e4r v\u00e5rt framg\u00e5ngsrecept som vi vill ta med oss till Finland. Men vad betyderegentligen &#8221;schysst&#8221;, och varf\u00f6r \u00e4r det en framg\u00e5ngsfaktor?<\/p>\n<\/div>\n            <\/div>\n<\/section>\n\n\n<section class=\"project-big-text  relative js-custom-mouse pt-4 lg:pt-4 pb-4 lg:pb-4\">\n    <div class=\"holder\">\n                    <div class=\"py-32 md:py-[10.8em] px-4 rounded bg-orange text-brownBlack\">\n                <div class=\"text-center flex flex-col justify-center items-center space-y-4 max-w-[44.5em] mx-auto\">\n                    <div class=\"text-32 font-bold leading-[1.1] lg:responsive-heading-xl\">SCHYSST\u2122 IN THE FRONT, SCHYSST\u2122 \r\nIN THE BACK<\/div>\n                                    <\/div>\n            <\/div>\n            <\/div>\n            <div class=\"custom-mouse\">\n            <img decoding=\"async\" src=\"https:\/\/www.ohmy.fi\/wp-content\/themes\/ohmy-2025\/img\/head.svg\" alt=\"Custom Cursor\" \/>\n        <\/div>\n    <\/section>\n\n\n<section class=\"text-columns relative pt-4 lg:pt-4 pb-4 lg:pb-4\">\n    <div class=\"holder\">\n        <div class=\"grid grid-cols-12 gap-4\">\n            <div class=\"wysiwyg article lg:col-span-7 col-span-12\"><p>Det fina med ordet schysst \u00e4r det komplexa och m\u00e5ngbottnade. Schysst betyder: bra, sn\u00e4ll, kvalitativ, reko \u2013 idel positiva grejer som vi \u00e4r \u00f6vertygade om leder till b\u00e4ttre aff\u00e4rer, gladare medarbetare och h\u00f6gkvalitativa leveranser. D\u00e5 v\u00e5r bransch traditionellt har varit \u2013 och i vissa fall fortfarande \u00e4r \u2013 kopplad till h\u00f6g stress och d\u00e5liga medarbetarvillkor visste vi tidigt att det h\u00e4r var v\u00e5rt sp\u00e5r. Vi ville utmana och f\u00f6r\u00e4ndra v\u00e5r bransch till det b\u00e4ttre.<\/p>\n<p>P\u00e5 Oh My har arbetet med att bli Sveriges schysstaste arbetsplats blivit en strategisk framg\u00e5ngsfaktor. Det har blivit v\u00e5rt s\u00e4tt att st\u00e5 pall mot konjunktursv\u00e4ngningar och pandemier. Att s\u00e4tta medarbetarna i f\u00f6rsta rummet och bli en trygg punkt i vardagen har blivit en vinstaff\u00e4r mer \u00e4n n\u00e5got annat. Men vad \u00e4r en schysst arbetsgivare? Bjussiga aw:s och exklusiva k\u00f6ksmaskiner i julklapp? Ja och nej. <strong>Schysst f\u00f6r oss \u00e4r insatser som g\u00f6r skillnad p\u00e5 riktigt.<\/strong><\/p>\n<p>Oh My Finlands team arbetar fr\u00e4mst fr\u00e5n Stockholm, vilket inneb\u00e4r att vi f\u00e5r ta del av bland annat f\u00f6ljande f\u00f6rm\u00e5ner:<\/p>\n<\/div>\n        <\/div>\n    <\/div>\n\n<\/section>\n\n\n<section class=\"text-columns relative pt-4 lg:pt-4 pb-4 lg:pb-4\">\n    <div class=\"holder\">\n                    <div class=\"grid grid-cols-12 gap-y-8 lg:gap-10 mt-8 lg:mt-16 \">\n                                    <div class=\"col-span-12  lg:col-span-4\">\n                                                    <span class=\"responsive-tag inline-block mb-2\">SVETTL\u00d6N<\/span>\n                                                <h2 class=\"font-bold text-24 mb-2 lg:responsive-heading-m\"><span class=\"font-bold\">Tr\u00e4na och f\u00e5 upp till 6 000 SEK extra om \u00e5ret i l\u00f6nekuvertet<\/span><\/h2>\n                        <div class=\"wysiwyg project-intro-columns\"><p><img decoding=\"async\" class=\"size-full wp-image-355 aligncenter\" src=\"https:\/\/www.ohmy.fi\/wp-content\/uploads\/2025\/11\/Lager_1.svg\" alt=\"\" \/><\/p>\n<\/div>\n                    <\/div>\n                                    <div class=\"col-span-12  lg:col-span-4\">\n                                                    <span class=\"responsive-tag inline-block mb-2\">LUFTL\u00d6N<\/span>\n                                                <h2 class=\"font-bold text-24 mb-2 lg:responsive-heading-m\"><span class=\"font-bold\">Ta en promenad p\u00e5 arbetstid och f\u00e5 upp till 250 SEK extra i m\u00e5naden<\/span><\/h2>\n                        <div class=\"wysiwyg project-intro-columns\"><p><img decoding=\"async\" class=\"size-full wp-image-356 aligncenter\" src=\"https:\/\/www.ohmy.fi\/wp-content\/uploads\/2025\/11\/Lager_1-1.svg\" alt=\"\" \/><\/p>\n<\/div>\n                    <\/div>\n                                    <div class=\"col-span-12  lg:col-span-4\">\n                                                    <span class=\"responsive-tag inline-block mb-2\">TERAPI TILL ALLA<\/span>\n                                                <h2 class=\"font-bold text-24 mb-2 lg:responsive-heading-m\"><span class=\"font-bold\">Vi vill ta hand om v\u00e5ra medarbetares fysiska och psykiska h\u00e4lsa<\/span><\/h2>\n                        <div class=\"wysiwyg project-intro-columns\"><p><img decoding=\"async\" class=\"size-full wp-image-358 aligncenter\" src=\"https:\/\/www.ohmy.fi\/wp-content\/uploads\/2025\/11\/Lager_1-3.svg\" alt=\"\" \/><\/p>\n<\/div>\n                    <\/div>\n                            <\/div>\n            <\/div>\n\n<\/section>\n\n\n<section class=\"colored-text-banner js-custom-mouse relative pt-4 lg:pt-4 pb-4 lg:pb-4\">\n    <div class=\"holder\">\n        <div class=\"py-10 px-4 md:py-[7em] grid grid-cols-12 gap-4 rounded bg-turquoise text-brownBlack \">\n            <div class=\"col-span-12 lg:col-span-3 lg:col-start-2\">\n                <h2 class=\"text-24 font-bold leading-[1.1] md:responsive-heading-l mb-4\">Ett uppgraderat kollektivavtal<\/h2>\n            <\/div>\n            <div class=\"col-span-12 lg:col-span-5 lg:col-start-7\">\n                <div class=\"wysiwyg\">\n                    <p>En Schysst\u2122 arbetsgivare blandas ofta ihop med en rolig. Ni vet, gener\u00f6sa aw:s och dyra julklappar. Men vilka insatser g\u00f6r skillnad p\u00e5 riktigt? Vi tror det handlar om trygghet och balans. Och det var h\u00e4r id\u00e9n till det\u00a0<a href=\"https:\/\/kollektivavtalet.ohmy.co\/\">uppgraderade kollektivavtalet<\/a>\u00a0f\u00f6ddes. F\u00f6r vi n\u00f6jer oss inte med kollektivavtalets minimikrav utan har v\u00e4ssat det med flexigare f\u00f6r\u00e4ldral\u00f6n, tj\u00e4nstepension till alla, l\u00e4karbes\u00f6k p\u00e5 arbetstid, halverad upps\u00e4gningstid (om medarbetaren vill) och smidigare semesterans\u00f6kningar. Bland annat.<\/p>\n                <\/div>\n                            <\/div>\n        <\/div>\n    <\/div>\n            <div class=\"custom-mouse\">\n            <img decoding=\"async\" src=\"https:\/\/www.ohmy.fi\/wp-content\/themes\/ohmy-2025\/img\/britta.svg\" alt=\"Custom Cursor\" \/>\n        <\/div>\n    <\/section>\n\n\n<section class=\"project-columns pt-4 lg:pt-4 pb-4 lg:pb-4\">\n    <div class=\"holder\">\n        <div class=\"grid grid-cols-12 gap-8 lg:gap-4\">\n                                <a href=\"https:\/\/www.ohmy.fi\/sv\/kontakt\/\" target=\"\" class=\"col-span-12 rounded relative group lg:col-span-12\">\n                        <div class=\"relative overflow-hidden rounded\">\n                                                            <picture class=\"w-full\"><source media=\"(max-width:639px)\" srcset=\"https:\/\/images.ohmyhosting.se\/_JEVLYpWYd1A2aPNvWiIgGx4oOg=\/fit-in\/382x332\/filters:quality(85)\/https%3A%2F%2Fwww.ohmy.fi%2Fwp-content%2Fuploads%2F2025%2F11%2Fsff2-1.jpg 1x, https:\/\/images.ohmyhosting.se\/7CbqEVSwRvAEVhCgxdsplUqtxiA=\/fit-in\/764x664\/filters:quality(85)\/https%3A%2F%2Fwww.ohmy.fi%2Fwp-content%2Fuploads%2F2025%2F11%2Fsff2-1.jpg 2x\"><source media=\"(max-width:1022px)\" srcset=\"https:\/\/images.ohmyhosting.se\/-wiumqN8qabQKC8QCb_jm-BiiMc=\/fit-in\/732x648\/filters:quality(85)\/https%3A%2F%2Fwww.ohmy.fi%2Fwp-content%2Fuploads%2F2025%2F11%2Fsff2-1.jpg 1x, https:\/\/images.ohmyhosting.se\/XxsQIYzsl8AuRVkWqn-g5unwH2Q=\/fit-in\/1464x1296\/filters:quality(85)\/https%3A%2F%2Fwww.ohmy.fi%2Fwp-content%2Fuploads%2F2025%2F11%2Fsff2-1.jpg 2x\"><img decoding=\"async\" src=\"https:\/\/images.ohmyhosting.se\/hxO1_ToGI0FsVzB4h2_Sp7NpwVI=\/fit-in\/2513x1413\/filters:quality(85)\/https%3A%2F%2Fwww.ohmy.fi%2Fwp-content%2Fuploads%2F2025%2F11%2Fsff2-1.jpg\" srcset=\"https:\/\/images.ohmyhosting.se\/hxO1_ToGI0FsVzB4h2_Sp7NpwVI=\/fit-in\/2513x1413\/filters:quality(85)\/https%3A%2F%2Fwww.ohmy.fi%2Fwp-content%2Fuploads%2F2025%2F11%2Fsff2-1.jpg 1x, https:\/\/images.ohmyhosting.se\/nXaEe5L4e3qcKA1RkRx4vczCFWc=\/fit-in\/5026x2826\/filters:quality(85)\/https%3A%2F%2Fwww.ohmy.fi%2Fwp-content%2Fuploads%2F2025%2F11%2Fsff2-1.jpg 2x\" alt=\"\" class=\"w-full w-full card-item group-hover:scale-[102%] rounded\" width=\"2513\" height=\"1413\" \/><\/picture>                                                    <\/div>\n                                                    <div class=\"responsive-tag my-2 inline-block\">Kontakt<\/div>\n                                                <h3 class=\"font-bold text-24 leading-[1.3] lg:responsive-heading-m\">Kontakta en schysst byr\u00e5<\/h3>\n                    <\/a>\n\n                                    <\/div>\n    <\/div>\n<\/section>","protected":false},"excerpt":{"rendered":"","protected":false},"author":1,"featured_media":0,"parent":0,"menu_order":0,"comment_status":"closed","ping_status":"closed","template":"","meta":{"_acf_changed":false,"footnotes":""},"class_list":["post-352","page","type-page","status-publish","hentry"],"acf":[],"yoast_head":"<!-- This site is optimized with the Yoast SEO plugin v26.3 - https:\/\/yoast.com\/wordpress\/plugins\/seo\/ -->\n<title>Schysst - Oh My Finland<\/title>\n<meta name=\"robots\" content=\"index, follow, max-snippet:-1, max-image-preview:large, max-video-preview:-1\" \/>\n<link rel=\"canonical\" href=\"https:\/\/www.ohmy.fi\/sv\/schysst\/\" \/>\n<meta property=\"og:locale\" content=\"sv_SE\" \/>\n<meta property=\"og:type\" content=\"article\" \/>\n<meta property=\"og:title\" content=\"Schysst - Oh My Finland\" \/>\n<meta property=\"og:url\" content=\"https:\/\/www.ohmy.fi\/sv\/schysst\/\" \/>\n<meta property=\"og:site_name\" content=\"Oh My Finland\" \/>\n<meta property=\"article:modified_time\" content=\"2026-01-12T14:48:23+00:00\" \/>\n<meta name=\"twitter:card\" content=\"summary_large_image\" \/>\n<script type=\"application\/ld+json\" class=\"yoast-schema-graph\">{\"@context\":\"https:\/\/schema.org\",\"@graph\":[{\"@type\":\"WebPage\",\"@id\":\"https:\/\/www.ohmy.fi\/sv\/schysst\/\",\"url\":\"https:\/\/www.ohmy.fi\/sv\/schysst\/\",\"name\":\"Schysst - Oh My Finland\",\"isPartOf\":{\"@id\":\"https:\/\/www.ohmy.fi\/#website\"},\"datePublished\":\"2025-11-05T11:29:48+00:00\",\"dateModified\":\"2026-01-12T14:48:23+00:00\",\"breadcrumb\":{\"@id\":\"https:\/\/www.ohmy.fi\/sv\/schysst\/#breadcrumb\"},\"inLanguage\":\"sv-SE\",\"potentialAction\":[{\"@type\":\"ReadAction\",\"target\":[\"https:\/\/www.ohmy.fi\/sv\/schysst\/\"]}]},{\"@type\":\"BreadcrumbList\",\"@id\":\"https:\/\/www.ohmy.fi\/sv\/schysst\/#breadcrumb\",\"itemListElement\":[{\"@type\":\"ListItem\",\"position\":1,\"name\":\"Home\",\"item\":\"https:\/\/www.ohmy.fi\/sv\/\"},{\"@type\":\"ListItem\",\"position\":2,\"name\":\"Schysst\"}]},{\"@type\":\"WebSite\",\"@id\":\"https:\/\/www.ohmy.fi\/#website\",\"url\":\"https:\/\/www.ohmy.fi\/\",\"name\":\"Oh My Finland\",\"description\":\"\",\"potentialAction\":[{\"@type\":\"SearchAction\",\"target\":{\"@type\":\"EntryPoint\",\"urlTemplate\":\"https:\/\/www.ohmy.fi\/?s={search_term_string}\"},\"query-input\":{\"@type\":\"PropertyValueSpecification\",\"valueRequired\":true,\"valueName\":\"search_term_string\"}}],\"inLanguage\":\"sv-SE\"}]}<\/script>\n<!-- \/ Yoast SEO plugin. -->","yoast_head_json":{"title":"Schysst - Oh My Finland","robots":{"index":"index","follow":"follow","max-snippet":"max-snippet:-1","max-image-preview":"max-image-preview:large","max-video-preview":"max-video-preview:-1"},"canonical":"https:\/\/www.ohmy.fi\/sv\/schysst\/","og_locale":"sv_SE","og_type":"article","og_title":"Schysst - Oh My Finland","og_url":"https:\/\/www.ohmy.fi\/sv\/schysst\/","og_site_name":"Oh My Finland","article_modified_time":"2026-01-12T14:48:23+00:00","twitter_card":"summary_large_image","schema":{"@context":"https:\/\/schema.org","@graph":[{"@type":"WebPage","@id":"https:\/\/www.ohmy.fi\/sv\/schysst\/","url":"https:\/\/www.ohmy.fi\/sv\/schysst\/","name":"Schysst - Oh My Finland","isPartOf":{"@id":"https:\/\/www.ohmy.fi\/#website"},"datePublished":"2025-11-05T11:29:48+00:00","dateModified":"2026-01-12T14:48:23+00:00","breadcrumb":{"@id":"https:\/\/www.ohmy.fi\/sv\/schysst\/#breadcrumb"},"inLanguage":"sv-SE","potentialAction":[{"@type":"ReadAction","target":["https:\/\/www.ohmy.fi\/sv\/schysst\/"]}]},{"@type":"BreadcrumbList","@id":"https:\/\/www.ohmy.fi\/sv\/schysst\/#breadcrumb","itemListElement":[{"@type":"ListItem","position":1,"name":"Home","item":"https:\/\/www.ohmy.fi\/sv\/"},{"@type":"ListItem","position":2,"name":"Schysst"}]},{"@type":"WebSite","@id":"https:\/\/www.ohmy.fi\/#website","url":"https:\/\/www.ohmy.fi\/","name":"Oh My Finland","description":"","potentialAction":[{"@type":"SearchAction","target":{"@type":"EntryPoint","urlTemplate":"https:\/\/www.ohmy.fi\/?s={search_term_string}"},"query-input":{"@type":"PropertyValueSpecification","valueRequired":true,"valueName":"search_term_string"}}],"inLanguage":"sv-SE"}]}},"_links":{"self":[{"href":"https:\/\/www.ohmy.fi\/sv\/wp-json\/wp\/v2\/pages\/352","targetHints":{"allow":["GET"]}}],"collection":[{"href":"https:\/\/www.ohmy.fi\/sv\/wp-json\/wp\/v2\/pages"}],"about":[{"href":"https:\/\/www.ohmy.fi\/sv\/wp-json\/wp\/v2\/types\/page"}],"author":[{"embeddable":true,"href":"https:\/\/www.ohmy.fi\/sv\/wp-json\/wp\/v2\/users\/1"}],"replies":[{"embeddable":true,"href":"https:\/\/www.ohmy.fi\/sv\/wp-json\/wp\/v2\/comments?post=352"}],"version-history":[{"count":6,"href":"https:\/\/www.ohmy.fi\/sv\/wp-json\/wp\/v2\/pages\/352\/revisions"}],"predecessor-version":[{"id":736,"href":"https:\/\/www.ohmy.fi\/sv\/wp-json\/wp\/v2\/pages\/352\/revisions\/736"}],"wp:attachment":[{"href":"https:\/\/www.ohmy.fi\/sv\/wp-json\/wp\/v2\/media?parent=352"}],"curies":[{"name":"wp","href":"https:\/\/api.w.org\/{rel}","templated":true}]}}